{"id":264270,"date":"2024-04-19T07:58:02","date_gmt":"2024-04-19T05:58:02","guid":{"rendered":"https:\/\/islamkvs.ch\/?page_id=264270"},"modified":"2026-02-28T14:11:56","modified_gmt":"2026-02-28T13:11:56","slug":"mitgliedschaft","status":"publish","type":"page","link":"https:\/\/islamkvs.ch\/en\/mitgliedschaft\/","title":{"rendered":"Membership"},"content":{"rendered":"<div class=\"et_pb_section_0 et_pb_section et_section_regular et_block_section\"><span class=\"et_pb_background_mask\"><\/span>\n<div class=\"et_pb_row_0 et_pb_row et_block_row\">\n<div class=\"et_pb_column_0 et_pb_column et_pb_column_4_4 et-last-child et_block_column et_pb_css_mix_blend_mode_passthrough\">\n<div class=\"et_pb_text_0 et_pb_text et_pb_bg_layout_light et_pb_module et_block_module et_pb_text_align_center\"><div class=\"et_pb_text_inner\"><h1>Mitgliedschaft<\/h1>\n<\/div><\/div>\n\n<div class=\"et_pb_text_1 et_pb_text et_pb_bg_layout_light et_pb_module et_block_module et_pb_text_align_center\"><div class=\"et_pb_text_inner\"><p><span>Mitglied werden beim <span style=\"color: #000080;\">\" Islamischer Kulturverein Schweiz \"<\/span><\/span><\/p>\n<\/div><\/div>\n<\/div>\n<\/div>\n<\/div>\n\n<div class=\"et_pb_section_1 et_pb_section et_section_regular et_block_section\">\n<div class=\"et_pb_row_1 et_pb_row et_block_row\">\n<div class=\"et_pb_column_1 et_pb_column et_pb_column_4_4 et-last-child et_block_column et_pb_css_mix_blend_mode_passthrough\">\n<div class=\"et_pb_text_2 et_pb_text et_pb_bg_layout_light et_pb_module et_block_module et_pb_text_align_center\"><div class=\"et_pb_text_inner\"><p><span>Werden Sie Teil unseres Vereins<\/span><\/p>\n<\/div><\/div>\n<\/div>\n<\/div>\n\n<div class=\"et_pb_row_2 et_pb_row et_pb_equal_columns et_pb_gutters2 et_block_row\">\n<div class=\"et_pb_column_2 et_pb_column et_pb_column_3_5 et_block_column et_pb_css_mix_blend_mode_passthrough\">\n<div class=\"et_pb_text_3 et_pb_text et_pb_bg_layout_light et_pb_module et_block_module\"><div class=\"et_pb_text_inner\"><h4>Engagieren Sie sich und unterst\u00fctzen Sie uns durch Ihre Mitgliedschaft. Jedes Mitglied st\u00e4rkt unsere Mission!<\/h4>\n<\/div><\/div>\n\n<div class=\"et_pb_text_4 et_pb_text et_pb_bg_layout_light et_pb_module et_block_module\"><div class=\"et_pb_text_inner\"><p><strong>Ihre Mitgliedschaft macht einen Unterschied:<\/strong><\/p>\n<p>Mit nur 1 Schweizer Franken pro Tag \u2013 das entspricht einem Jahresbeitrag von 360 Franken \u2013 k\u00f6nnen Sie uns dabei helfen, einen Ort f\u00fcr unsere Schule und Gemeinschaft zu sichern, weiterzuentwickeln und die laufenden Kosten zu decken.<br data-start=\"359\" data-end=\"362\" \/>Zus\u00e4tzliche Spenden sind selbstverst\u00e4ndlich herzlich willkommen, denn jeder Franken z\u00e4hlt und bringt uns unserem Ziel n\u00e4her.<\/p>\n<\/div><\/div>\n<\/div>\n\n<div class=\"et_pb_column_3 et_pb_column et_pb_column_2_5 et-last-child et_block_column et_pb_css_mix_blend_mode_passthrough\">\n<div class=\"et_pb_text_5 et_pb_text et_pb_bg_layout_light et_pb_module et_block_module\"><div class=\"et_pb_text_inner\"><h3 class=\"elementor-heading-title elementor-size-default\">Zahlungsmethoden<\/h3>\n<\/div><\/div>\n\n<div class=\"et_pb_blurb_0 et_pb_blurb et_pb_bg_layout_light et_pb_blurb_position_top et_pb_module et_block_module\"><div class=\"et_pb_blurb_content\"><div class=\"et_pb_main_blurb_image\"><span class=\"et_pb_image_wrap et_pb_only_image_mode_wrap\"><img loading=\"lazy\" decoding=\"async\" src=\"https:\/\/islamkvs.ch\/wp-content\/uploads\/2024\/06\/logo_postfinance.jpg\" width=\"500\" height=\"141\" srcset=\"https:\/\/islamkvs.ch\/wp-content\/uploads\/2024\/06\/logo_postfinance.jpg 500w, https:\/\/islamkvs.ch\/wp-content\/uploads\/2024\/06\/logo_postfinance-480x135.jpg 480w\" sizes=\"(min-width: 0px) and (max-width: 480px) 480px, (min-width: 481px) 500px, 100vw\" class=\"wp-image-264579\" \/><\/span><\/div><div class=\"et_pb_blurb_container\"><h4 class=\"et_pb_module_header\">Islamischer Kulturverein Schweiz<\/h4><div class=\"et_pb_blurb_description\"><p><strong>Konto:<\/strong> 16-275429-9<br \/><strong>IBAN:<\/strong> CH60 0900 0000 1627 5429 9<br \/><strong>BIC:<\/strong> POFICHBEXXX)<\/p>\n<\/div><\/div><\/div><\/div>\n<\/div>\n<\/div>\n<\/div>\n\n<div class=\"et_pb_section_2 et_pb_section et_section_regular et_block_section\">\n<div class=\"et_pb_row_3 et_pb_row et_block_row\">\n<div class=\"et_pb_column_4 et_pb_column et_pb_column_4_4 et-last-child et_block_column et_pb_css_mix_blend_mode_passthrough\">\n<div class=\"et_pb_text_6 et_pb_text et_pb_bg_layout_light et_pb_module et_block_module et_pb_text_align_center\"><div class=\"et_pb_text_inner\"><h2><strong>Islamischer Kulturverein Schweiz \u2013 Mitgliedschaftsantrag<\/strong><\/h2>\n<\/div><\/div>\n\n<div class=\"et_pb_text_7 et_pb_text et_pb_bg_layout_light et_pb_module et_block_module et_pb_text_align_center\"><div class=\"et_pb_text_inner\"><p>** Alle Felder sind erforderlich **<\/p>\n<p><span>Bitte geben Sie korrekte und vollst\u00e4ndige Informationen ein, da diese in Ihrer offiziellen Mitgliedschaftsbest\u00e4tigung verwendet werden. Die Richtigkeit Ihrer Angaben ist entscheidend f\u00fcr die G\u00fcltigkeit Ihrer Mitgliedschaft.<\/span><\/p>\n<\/div><\/div>\n\n<div class=\"et_pb_contact_form_0 et_pb_contact_form_container clearfix et_pb_module et_flex_module\" data-form_unique_num=\"0\" data-form_unique_id=\"d4e920c1-6e1d-4e96-94ba-9e0ae1725363\" id=\"et_pb_contact_form_d4e920c1-6e1d-4e96-94ba-9e0ae1725363\"><h1 class=\"et_pb_contact_main_title\">Mitgliedschaftsantrag<\/h1><div class=\"et-pb-contact-message\"><\/div><div class=\"et_pb_contact\"><form class=\"et_pb_contact_form et_flex_module\" method=\"post\" action=\"https:\/\/islamkvs.ch\/en\/wp-json\/wp\/v2\/pages\/264270\">\n<div class=\"et_pb_contact_field_0 et_pb_contact_field et_pb_module et_flex_module et_flex_column_12_24 et_flex_column_12_24_tablet et_flex_column_12_24_phone\" data-id=\"geschlecht\" data-type=\"select\"><label class=\"et_pb_contact_form_label\" for=\"et_pb_contact_0_geschlecht_0\">Geschlecht<\/label><select name=\"et_pb_contact_0_geschlecht_0\" id=\"et_pb_contact_0_geschlecht_0\" class=\"et_pb_contact_select input\" data-required_mark=\"required\" data-field_type=\"select\" data-original_id=\"geschlecht\"><option value=\"\">Geschlecht<\/option><option value=\"Frau\" data-id=\"\">Frau<\/option><option value=\"Herr\" data-id=\"\">Herr<\/option><\/select><\/div>\n\n<div class=\"et_pb_contact_field_1 et_pb_contact_field et_pb_module et_flex_module et_flex_column_12_24 et_flex_column_12_24_tablet et_flex_column_12_24_phone\" data-id=\"art_der_mitgliedschaft\" data-type=\"select\"><label class=\"et_pb_contact_form_label\" for=\"et_pb_contact_0_art_der_mitgliedschaft_1\">Art der Mitgliedschaft<\/label><select name=\"et_pb_contact_0_art_der_mitgliedschaft_1\" id=\"et_pb_contact_0_art_der_mitgliedschaft_1\" class=\"et_pb_contact_select input\" data-required_mark=\"required\" data-field_type=\"select\" data-original_id=\"art_der_mitgliedschaft\"><option value=\"\">Art der Mitgliedschaft<\/option><option value=\"Monatlicher Beitrag (CHF 30.-)\" data-id=\"\">Monatlicher Beitrag (CHF 30.-)<\/option><option value=\"J\u00e4hrlicher Beitrag (CHF 365.-)\" data-id=\"\">J\u00e4hrlicher Beitrag (CHF 365.-)<\/option><\/select><\/div>\n\n<div class=\"et_pb_contact_field_2 et_pb_contact_field et_pb_module et_flex_module et_flex_column_12_24 et_flex_column_12_24_tablet et_flex_column_12_24_phone\" data-id=\"vorname\" data-type=\"input\"><label class=\"et_pb_contact_form_label\" for=\"et_pb_contact_0_vorname_2\">Vorname<\/label><input type=\"text\" name=\"et_pb_contact_0_vorname_2\" id=\"et_pb_contact_0_vorname_2\" class=\"input\" data-required_mark=\"required\" data-field_type=\"input\" data-original_id=\"vorname\" placeholder=\"Vorname\" pattern=\"[\\p{L}\\s\\-]{2,}\" title=\"Only letters allowed.Minimum length: 2 characters. \" value=\"\" \/><\/div>\n\n<div class=\"et_pb_contact_field_3 et_pb_contact_field et_pb_module et_flex_module et_flex_column_12_24 et_flex_column_12_24_tablet et_flex_column_12_24_phone\" data-id=\"nachname\" data-type=\"input\"><label class=\"et_pb_contact_form_label\" for=\"et_pb_contact_0_nachname_3\">Nachname<\/label><input type=\"text\" name=\"et_pb_contact_0_nachname_3\" id=\"et_pb_contact_0_nachname_3\" class=\"input\" data-required_mark=\"required\" data-field_type=\"input\" data-original_id=\"nachname\" placeholder=\"Nachname\" pattern=\"[\\p{L}\\s\\-]{2,}\" title=\"Only letters allowed.Minimum length: 2 characters. \" value=\"\" \/><\/div>\n\n<div class=\"et_pb_contact_field_4 et_pb_contact_field et_pb_module et_flex_module et_flex_column_12_24 et_flex_column_12_24_tablet et_flex_column_12_24_phone\" data-id=\"strasse\" data-type=\"input\"><label class=\"et_pb_contact_form_label\" for=\"et_pb_contact_0_strasse_4\">Strasse<\/label><input type=\"text\" name=\"et_pb_contact_0_strasse_4\" id=\"et_pb_contact_0_strasse_4\" class=\"input\" data-required_mark=\"required\" data-field_type=\"input\" data-original_id=\"strasse\" placeholder=\"Strasse\" pattern=\"[\\w\\s\\-]{5,}\" title=\"Only letters and numbers allowed.Minimum length: 5 characters. \" value=\"\" \/><\/div>\n\n<div class=\"et_pb_contact_field_5 et_pb_contact_field et_pb_module et_flex_module et_flex_column_12_24 et_flex_column_12_24_tablet et_flex_column_12_24_phone\" data-id=\"postleitzahl\" data-type=\"input\"><label class=\"et_pb_contact_form_label\" for=\"et_pb_contact_0_postleitzahl_5\">Postleitzahl<\/label><input type=\"text\" name=\"et_pb_contact_0_postleitzahl_5\" id=\"et_pb_contact_0_postleitzahl_5\" class=\"input\" data-required_mark=\"required\" data-field_type=\"input\" data-original_id=\"postleitzahl\" placeholder=\"Postleitzahl\" pattern=\"[0-9\\s\\-]{4,}\" title=\"Only numbers allowed.Minimum length: 4 characters. \" value=\"\" \/><\/div>\n\n<div class=\"et_pb_contact_field_6 et_pb_contact_field et_pb_module et_flex_module et_flex_column_12_24 et_flex_column_12_24_tablet et_flex_column_12_24_phone\" data-id=\"wohnort\" data-type=\"input\"><label class=\"et_pb_contact_form_label\" for=\"et_pb_contact_0_wohnort_6\">Wohnort<\/label><input type=\"text\" name=\"et_pb_contact_0_wohnort_6\" id=\"et_pb_contact_0_wohnort_6\" class=\"input\" data-required_mark=\"required\" data-field_type=\"input\" data-original_id=\"wohnort\" placeholder=\"Wohnort\" pattern=\"[\\p{L}\\s\\-]{2,}\" title=\"Only letters allowed.Minimum length: 2 characters. \" value=\"\" \/><\/div>\n\n<div class=\"et_pb_contact_field_7 et_pb_contact_field et_pb_module et_flex_module et_flex_column_12_24 et_flex_column_12_24_tablet et_flex_column_12_24_phone\" data-id=\"land\" data-type=\"input\"><label class=\"et_pb_contact_form_label\" for=\"et_pb_contact_0_land_7\">Land<\/label><input type=\"text\" name=\"et_pb_contact_0_land_7\" id=\"et_pb_contact_0_land_7\" class=\"input\" data-required_mark=\"required\" data-field_type=\"input\" data-original_id=\"land\" placeholder=\"Land\" pattern=\"[\\p{L}\\s\\-]{3,}\" title=\"Only letters allowed.Minimum length: 3 characters. \" value=\"\" \/><\/div>\n\n<div class=\"et_pb_contact_field_8 et_pb_contact_field et_pb_module et_flex_module et_flex_column_12_24 et_flex_column_12_24_tablet et_flex_column_12_24_phone\" data-id=\"geburtsdatum\" data-type=\"input\"><label class=\"et_pb_contact_form_label\" for=\"et_pb_contact_0_geburtsdatum_8\">Geburtsdatum<\/label><input type=\"text\" name=\"et_pb_contact_0_geburtsdatum_8\" id=\"et_pb_contact_0_geburtsdatum_8\" class=\"input\" data-required_mark=\"not_required\" data-field_type=\"input\" data-original_id=\"geburtsdatum\" placeholder=\"Geburtsdatum\" pattern=\".{4,}\" title=\"Minimum length: 4 characters. \" value=\"\" \/><\/div>\n\n<div class=\"et_pb_contact_field_9 et_pb_contact_field et_pb_module et_flex_module et_flex_column_12_24 et_flex_column_12_24_tablet et_flex_column_12_24_phone\" data-id=\"telefonnummer\" data-type=\"input\"><label class=\"et_pb_contact_form_label\" for=\"et_pb_contact_0_telefonnummer_9\">Telefonnummer<\/label><input type=\"text\" name=\"et_pb_contact_0_telefonnummer_9\" id=\"et_pb_contact_0_telefonnummer_9\" class=\"input\" data-required_mark=\"required\" data-field_type=\"input\" data-original_id=\"telefonnummer\" placeholder=\"Telefonnummer\" pattern=\"[0-9\\s\\-]{8,}\" title=\"Only numbers allowed.Minimum length: 8 characters. \" value=\"\" \/><\/div>\n\n<div class=\"et_pb_contact_field_10 et_pb_contact_field et_pb_module et_flex_module et_flex_column_12_24 et_flex_column_12_24_tablet et_flex_column_12_24_phone\" data-id=\"email\" data-type=\"email\"><label class=\"et_pb_contact_form_label\" for=\"et_pb_contact_0_email_10\">Email Adresse<\/label><input type=\"text\" name=\"et_pb_contact_0_email_10\" id=\"et_pb_contact_0_email_10\" class=\"input\" data-required_mark=\"required\" data-field_type=\"email\" data-original_id=\"email\" placeholder=\"Email Adresse\" title=\"\" value=\"\" \/><\/div>\n\n<div class=\"et_pb_contact_field_11 et_pb_contact_field et_pb_module et_flex_module et_flex_column_12_24 et_flex_column_12_24_tablet et_flex_column_12_24_phone\" data-id=\"e-mail\" data-type=\"email\"><label class=\"et_pb_contact_form_label\" for=\"et_pb_contact_0_e-mail_11\">E-Mail best\u00e4tigen<\/label><input type=\"text\" name=\"et_pb_contact_0_e-mail_11\" id=\"et_pb_contact_0_e-mail_11\" class=\"input\" data-required_mark=\"required\" data-field_type=\"email\" data-original_id=\"e-mail\" placeholder=\"E-Mail best\u00e4tigen\" title=\"\" value=\"\" \/><\/div>\n\n<div class=\"et_pb_contact_field_12 et_pb_contact_field et_pb_module et_flex_module et_flex_column_24_24 et_flex_column_24_24_tablet et_flex_column_24_24_phone\" data-id=\"nachricht\" data-type=\"text\"><label class=\"et_pb_contact_form_label\" for=\"et_pb_contact_0_nachricht_12\">Nachricht<\/label><textarea name=\"et_pb_contact_0_nachricht_12\" id=\"et_pb_contact_0_nachricht_12\" class=\"et_pb_contact_message input\" data-required_mark=\"not_required\" data-field_type=\"text\" data-original_id=\"nachricht\" placeholder=\"Nachricht\"><\/textarea><\/div>\n\n<div class=\"et_pb_contact_field_13 et_pb_contact_field et_pb_module et_flex_module et_flex_column_24_24 et_flex_column_24_24_tablet et_flex_column_24_24_phone\" data-id=\"zahlungsinformationen\" data-type=\"checkbox\"><label class=\"et_pb_contact_form_label\">Zahlungsinformationen:<\/label><input type=\"hidden\" name=\"et_pb_contact_0_zahlungsinformationen_13\" class=\"et_pb_checkbox_handle\" data-required_mark=\"not_required\" data-field_type=\"checkbox\" data-original_id=\"zahlungsinformationen\" \/><span class=\"et_pb_contact_field_options_wrapper\"><span class=\"et_pb_contact_field_options_title\">Zahlungsinformationen:<\/span><span class=\"et_pb_contact_field_options_list\"><span class=\"et_pb_contact_field_checkbox\"><input type=\"checkbox\" id=\"et_pb_contact_0_zahlungsinformationen_13_0\" class=\"input\" value=\"Bitte \u00fcberweisen Sie den Mitgliedsbeitrag auf das Vereinskonto, das am Anfang dieser Seite angegeben ist.\" data-required_mark=\"not_required\" data-field_type=\"checkbox\" data-original_id=\"zahlungsinformationen\" \/><label for=\"et_pb_contact_0_zahlungsinformationen_13_0\"><i><\/i>Bitte \u00fcberweisen Sie den Mitgliedsbeitrag auf das Vereinskonto, das am Anfang dieser Seite angegeben ist.<\/label><\/span><span class=\"et_pb_contact_field_checkbox\"><input type=\"checkbox\" id=\"et_pb_contact_0_zahlungsinformationen_13_1\" class=\"input\" value=\"Kontoinhaber: Islamischer Kulturverein Schweiz\" data-required_mark=\"not_required\" data-field_type=\"checkbox\" data-original_id=\"zahlungsinformationen\" \/><label for=\"et_pb_contact_0_zahlungsinformationen_13_1\"><i><\/i>Kontoinhaber: Islamischer Kulturverein Schweiz<\/label><\/span><span class=\"et_pb_contact_field_checkbox\"><input type=\"checkbox\" id=\"et_pb_contact_0_zahlungsinformationen_13_2\" class=\"input\" value=\"IBAN: CH60 0900 0000 1627 5429 9\" data-required_mark=\"not_required\" data-field_type=\"checkbox\" data-original_id=\"zahlungsinformationen\" \/><label for=\"et_pb_contact_0_zahlungsinformationen_13_2\"><i><\/i>IBAN: CH60 0900 0000 1627 5429 9<\/label><\/span><\/span><\/span><\/div>\n\n<div class=\"et_pb_contact_field_14 et_pb_contact_field et_pb_module et_flex_module et_flex_column_24_24 et_flex_column_24_24_tablet et_flex_column_24_24_phone\" data-id=\"info_zustimmung\" data-type=\"checkbox\"><label class=\"et_pb_contact_form_label\">Zustimmung und Best\u00e4tigung:<\/label><input type=\"hidden\" name=\"et_pb_contact_0_info_zustimmung_14\" class=\"et_pb_checkbox_handle\" data-required_mark=\"required\" data-field_type=\"checkbox\" data-original_id=\"info_zustimmung\" \/><span class=\"et_pb_contact_field_options_wrapper\"><span class=\"et_pb_contact_field_options_title\">Zustimmung und Best\u00e4tigung:<\/span><span class=\"et_pb_contact_field_options_list\"><span class=\"et_pb_contact_field_checkbox\"><input type=\"checkbox\" id=\"et_pb_contact_0_info_zustimmung_14_0\" class=\"input\" value=\"Mit der Verwendung dieses Formulars erkl\u00e4ren Sie sich mit der Behandlung Ihrer Daten durch diese Website &amp; Verein einverstanden\" data-required_mark=\"required\" data-field_type=\"checkbox\" data-original_id=\"info_zustimmung\" \/><label for=\"et_pb_contact_0_info_zustimmung_14_0\"><i><\/i>Mit der Verwendung dieses Formulars erkl\u00e4ren Sie sich mit der Behandlung Ihrer Daten durch diese Website & Verein einverstanden<\/label><\/span><span class=\"et_pb_contact_field_checkbox\"><input type=\"checkbox\" id=\"et_pb_contact_0_info_zustimmung_14_1\" class=\"input\" value=\"Hiermit best\u00e4tige ich, die Datenschutzerkl\u00e4rung gelesen zu haben und akzeptiere diese.\" data-required_mark=\"required\" data-field_type=\"checkbox\" data-original_id=\"info_zustimmung\" \/><label for=\"et_pb_contact_0_info_zustimmung_14_1\"><i><\/i>Hiermit best\u00e4tige ich, die Datenschutzerkl\u00e4rung gelesen zu haben und akzeptiere diese. <a target=\"_blank\" href=\"https:\/\/islamkvs.ch\/datenschutzerklaerung\/\">[Datenschutzerkl\u00e4rung]<\/a><\/label><\/span><\/span><\/span><\/div>\n<input type=\"hidden\" name=\"et_pb_contactform_submit_d4e920c1-6e1d-4e96-94ba-9e0ae1725363\" value=\"et_contact_proccess\" \/><div class=\"et_contact_bottom_container\"><div class=\"et_pb_contact_right et_pb_contact_field\"><p class=\"clearfix\"><label><span class=\"et_pb_contact_captcha_question\">3 + 7<\/span> = <input type=\"text\" size=\"2\" class=\"input et_pb_contact_captcha\" data-first_digit=\"3\" data-second_digit=\"7\" data-required_mark=\"required\" name=\"et_pb_contact_captcha_d4e920c1-6e1d-4e96-94ba-9e0ae1725363\" autocomplete=\"off\" \/><\/label><\/p><\/div><div class=\"et_pb_button_wrapper\"><button type=\"submit\" name=\"et_builder_submit_button\" class=\"et_pb_button et_pb_contact_submit\">Senden<\/button><\/div><\/div><input type=\"hidden\" id=\"_wpnonce-et-pb-contact-form-submitted-d4e920c1-6e1d-4e96-94ba-9e0ae1725363\" name=\"_wpnonce-et-pb-contact-form-submitted-d4e920c1-6e1d-4e96-94ba-9e0ae1725363\" value=\"65c48b405d\" \/><input type=\"hidden\" name=\"_wp_http_referer\" value=\"\/en\/wp-json\/wp\/v2\/pages\/264270\" \/><\/form><\/div><\/div>\n<\/div>\n<\/div>\n\n<div class=\"et_pb_row_4 et_pb_row et_block_row\">\n<div class=\"et_pb_column_5 et_pb_column et_pb_column_3_5 et_block_column et_pb_css_mix_blend_mode_passthrough\">\n<div class=\"et_pb_text_8 et_pb_text et_pb_bg_layout_light et_pb_module et_block_module\"><div class=\"et_pb_text_inner\"><p><span>Bitte \u00fcberweisen Sie den entsprechenden Mitgliedsbeitrag gem\u00e4\u00df der ausgew\u00e4hlten Mitgliedschaftsart auf das angegebene Konto oder Scannen Sie den QR-Code mit Ihrer Internetbanking-App. <\/span><\/p>\n<p><span>Wir werden die Details Ihrer Anmeldung \u00fcberpr\u00fcfen und sobald Ihre Zahlung eingegangen ist, erhalten Sie eine offizielle Best\u00e4tigung Ihrer Mitgliedschaft beim \" Islamischen Kulturverein Schweiz \".<\/span><\/p>\n<p><span><\/span><\/p>\n<p>Sollten Sie Fragen haben oder weitere Informationen ben\u00f6tigen, z\u00f6gern Sie nicht, uns zu kontaktieren <a href=\"mailto:info@islamkvs.ch\">info@islamkvs.ch<\/a>.<\/p>\n<p>Wir sch\u00e4tzen Ihre Unterst\u00fctzung und freuen uns darauf, Sie als neues Mitglied zu begr\u00fc\u00dfen.<\/p>\n<p><strong>Islamischer Kulturverein Schweiz<\/strong><\/p>\n<\/div><\/div>\n<\/div>\n\n<div class=\"et_pb_column_6 et_pb_column et_pb_column_2_5 et-last-child et_block_column et_pb_css_mix_blend_mode_passthrough\">\n<div class=\"et_pb_image_0 et_pb_image et_pb_module et_block_module\"><span class=\"et_pb_image_wrap\"><img loading=\"lazy\" decoding=\"async\" src=\"https:\/\/islamkvs.ch\/wp-content\/uploads\/2024\/05\/QR-post-bank-Vereinsmitgliedschaft.png\" width=\"409\" height=\"408\" srcset=\"https:\/\/islamkvs.ch\/wp-content\/uploads\/2024\/05\/QR-post-bank-Vereinsmitgliedschaft.png 409w, https:\/\/islamkvs.ch\/wp-content\/uploads\/2024\/05\/QR-post-bank-Vereinsmitgliedschaft-300x300.png 300w, https:\/\/islamkvs.ch\/wp-content\/uploads\/2024\/05\/QR-post-bank-Vereinsmitgliedschaft-150x150.png 150w, https:\/\/islamkvs.ch\/wp-content\/uploads\/2024\/05\/QR-post-bank-Vereinsmitgliedschaft-12x12.png 12w\" sizes=\"(max-width: 409px) 100vw, 409px\" class=\"wp-image-264523\" title=\"QR post bank Vereinsmitgliedschaft\" alt=\"QR - Vereinsmitgliedschaft\" \/><\/span><\/div>\n\n<div class=\"et_pb_code_0 et_pb_code et_pb_module\"><div class=\"et_pb_code_inner\"><div style=\"display:table;width:100%;height:100%;border-collapse:collapse;box-sizing:border-box\">\n  <div style=\"text-align:center;font-size:0;display:table-cell;vertical-align:middle\">\n    <div style=\"width:auto;display:inline-block\">\n      <div style=\"display:table;width:100%\">\n        <a href=\"https:\/\/donate.raisenow.io\/sggbt?analytics.channel=twint_button\" style=\"display:table-cell;vertical-align:middle;box-sizing:border-box;width:100%;min-width:198px;height:56px;padding:0 35px;color:white;background-color:#262626;border:0;border-radius:6px;outline:none;text-decoration:none;user-select:none;white-space:nowrap\">\n          <img decoding=\"async\" alt=\"\" style=\"vertical-align:middle;background:transparent;margin-right:20px;display:inline-block;height:36px\" src=\"https:\/\/unpkg.com\/@raisenow\/paylink-button@2\/dist\/images\/icons\/twint-logo-dark.png\"\/>\n          <span style=\"vertical-align:middle;display:inline-block;letter-spacing:initial;font-weight:500;font-size:17px;color:white;font-family:Roboto,system-ui,BlinkMacSystemFont,-apple-system,Segoe UI,Oxygen,Ubuntu,Cantarell,Fira Sans,Droid Sans,Helvetica Neue,sans-serif\">Mit TWINT spenden<\/span>\n        <\/a>\n      <\/div>\n    <\/div>\n  <\/div>\n<\/div><\/div><\/div>\n<\/div>\n<\/div>\n\n<div class=\"et_pb_row_5 et_pb_row et_pb_equal_columns et_pb_gutters2 et_block_row\">\n<div class=\"et_pb_column_7 et_pb_column et_pb_column_1_2 et_block_column et_pb_css_mix_blend_mode_passthrough\">\n<div class=\"et_pb_text_9 et_pb_text et_pb_bg_layout_light et_pb_module et_block_module\"><div class=\"et_pb_text_inner\"><p><span><\/span><\/p>\n<p><span>\" Sollten Sie beim ausf\u00fcllen des Formulars auf Schwierigkeiten stossen, k\u00f6nnen Sie dies <strong><a href=\"https:\/\/islamkvs.ch\/wp-content\/uploads\/2024\/05\/Aufnahmeantrag-Mitgliedschaft.pdf\" title=\"Antrag auf Mitgliedschaft\">hier herunterladen<\/a><\/strong> und uns nach dem Ausf\u00fcllen <a href=\"mailto:info@islamkvs.ch\" target=\"_blank\" rel=\"noopener\" title=\"info@islamkvs.ch\">per E-Mail<\/a> oder per Post zusenden \".<\/span><\/p>\n<\/div><\/div>\n<\/div>\n\n<div class=\"et_pb_column_8 et_pb_column et_pb_column_1_2 et-last-child et_block_column et_pb_css_mix_blend_mode_passthrough\">\n<div class=\"et_pb_image_1 et_pb_image et_pb_module et_block_module\"><a href=\"https:\/\/islamkvs.ch\/wp-content\/uploads\/2024\/05\/Aufnahmeantrag-Mitgliedschaft.pdf\" target=\"_blank\"><span class=\"et_pb_image_wrap\"><img loading=\"lazy\" decoding=\"async\" src=\"https:\/\/islamkvs.ch\/wp-content\/uploads\/2024\/05\/Antrag-auf-Mitgliedschaft.png\" width=\"411\" height=\"209\" srcset=\"https:\/\/islamkvs.ch\/wp-content\/uploads\/2024\/05\/Antrag-auf-Mitgliedschaft.png 411w, https:\/\/islamkvs.ch\/wp-content\/uploads\/2024\/05\/Antrag-auf-Mitgliedschaft-300x153.png 300w, https:\/\/islamkvs.ch\/wp-content\/uploads\/2024\/05\/Antrag-auf-Mitgliedschaft-18x9.png 18w\" sizes=\"(max-width: 411px) 100vw, 411px\" class=\"wp-image-264531\" title=\"Antrag auf Mitgliedschaft\" alt=\"Antrag auf Mitgliedschaft\" \/><\/span><\/a><\/div>\n<\/div>\n<\/div>\n<\/div>","protected":false},"excerpt":{"rendered":"","protected":false},"author":1,"featured_media":0,"parent":0,"menu_order":0,"comment_status":"closed","ping_status":"closed","template":"","meta":{"footnotes":""},"class_list":["post-264270","page","type-page","status-publish","hentry"],"_links":{"self":[{"href":"https:\/\/islamkvs.ch\/en\/wp-json\/wp\/v2\/pages\/264270","targetHints":{"allow":["GET"]}}],"collection":[{"href":"https:\/\/islamkvs.ch\/en\/wp-json\/wp\/v2\/pages"}],"about":[{"href":"https:\/\/islamkvs.ch\/en\/wp-json\/wp\/v2\/types\/page"}],"author":[{"embeddable":true,"href":"https:\/\/islamkvs.ch\/en\/wp-json\/wp\/v2\/users\/1"}],"replies":[{"embeddable":true,"href":"https:\/\/islamkvs.ch\/en\/wp-json\/wp\/v2\/comments?post=264270"}],"version-history":[{"count":138,"href":"https:\/\/islamkvs.ch\/en\/wp-json\/wp\/v2\/pages\/264270\/revisions"}],"predecessor-version":[{"id":265149,"href":"https:\/\/islamkvs.ch\/en\/wp-json\/wp\/v2\/pages\/264270\/revisions\/265149"}],"wp:attachment":[{"href":"https:\/\/islamkvs.ch\/en\/wp-json\/wp\/v2\/media?parent=264270"}],"curies":[{"name":"wp","href":"https:\/\/api.w.org\/{rel}","templated":true}]}}